{"id":2,"date":"2008-02-12T13:24:31","date_gmt":"2008-02-12T10:24:31","guid":{"rendered":""},"modified":"2018-11-12T16:38:45","modified_gmt":"2018-11-12T13:38:45","slug":"autors","status":"publish","type":"page","link":"https:\/\/www.koronevskis.lv\/raksti\/autors\/","title":{"rendered":"Autors"},"content":{"rendered":"<p>Mani sauc Edgars Koro\u0146evskis. Ikdiena ir saist\u012bta ar internet komunik\u0101ciju un e-komercijas liet\u0101m, br\u012bvaj\u0101 laik\u0101 cen\u0161os dal\u012bties ar zin\u0101\u0161an\u0101m, viedokli, da\u017ek\u0101rt ar\u012b konstrukt\u012bvi pakritiz\u0113t, lai lietas k\u013c\u016btu lab\u0101kas.<\/p>\n<p>Sazi\u0146ai izmantot e-pastu: <strong>edgars et koronevskis.lv<\/strong><\/p>\n<p><a title=\"Linked In Edgars Koro\u0146evskis\" href=\"http:\/\/www.linkedin.com\/in\/edgarskoronevskis\" target=\"_blank\" rel=\"noopener\"><img loading=\"lazy\" decoding=\"async\" src=\"http:\/\/www.linkedin.com\/img\/webpromo\/btn_myprofile_160x33.png\" alt=\"View Edgars Koronevskis's profile on LinkedIn\" width=\"160\" height=\"33\" border=\"0\" \/><\/a><\/p>\n<p>Darbojos da\u017e\u0101d\u0101s nozar\u0113s un par t\u0101m ar\u012b ir \u0161\u012bs virtu\u0101l\u0101s piez\u012bmes:<\/p>\n<ul>\n<li>internet komunik\u0101cija;<\/li>\n<li>sabiedrisk\u0101s attiec\u012bbas;<\/li>\n<li>cilv\u0113kresursu vad\u012bba;<\/li>\n<li>IT tehnolo\u0123ijas;<\/li>\n<li>ce\u013cojumi;<\/li>\n<li>l\u0113t\u0101s aviobi\u013cetes;<\/li>\n<li>m\u0101rketings;<\/li>\n<li>zin\u0101\u0161anu p\u0101rvald\u012bba;<\/li>\n<li>lietojam\u012bba u.c.<\/li>\n<\/ul>\n<p>&nbsp;<\/p>\n<p>Blog\u0101 ir izvietotas partnerm\u0101rketinga saites.<\/p>\n<h2>Priv\u0101ti projekti<\/h2>\n<p><a title=\"Patiesais Twittersp\u0113ks un projekts Palidz\u0113sim.info ir nosl\u0113dzies\" href=\"http:\/\/salidziniviesnicas.lv\/lv\/\" target=\"_blank\" rel=\"noopener\"><strong>SalidziniViesnicas.lv<\/strong><\/a> &#8211; viesn\u012bcu mekl\u0113t\u0101js, sal\u012bdzini viesn\u012bcu cenas daudzos viesn\u012bcu rezerv\u0113\u0161anas port\u0101los. Turpat atrodams ar\u012b <a title=\"Ce\u013cot\u0101ju blogs\" href=\"http:\/\/salidziniviesnicas.lv\/blog\/lv\/\" target=\"_blank\" rel=\"noopener\"><strong>blogs ce\u013cot\u0101jiem<\/strong><\/a>.<\/p>\n<p><a href=\"http:\/\/gramatuveikals.lv\" target=\"_blank\" rel=\"noopener\"><strong>Gramatuveikals.lv<\/strong><\/a> &#8211; 7 miljoni gr\u0101matu ang\u013cu valod\u0101, bezmaksas pieg\u0101de uz Latviju.<\/p>\n<div id=\"__ss_9917304\" style=\"width: 510px;\">\n<div style=\"padding: 5px 0 12px;\"><\/div>\n<\/div>\n","protected":false},"excerpt":{"rendered":"<p>Mani sauc Edgars Koro\u0146evskis. Ikdiena ir saist\u012bta ar internet komunik\u0101ciju un e-komercijas liet\u0101m, br\u012bvaj\u0101 laik\u0101 cen\u0161os dal\u012bties ar zin\u0101\u0161an\u0101m, viedokli, da\u017ek\u0101rt ar\u012b konstrukt\u012bvi pakritiz\u0113t, lai lietas k\u013c\u016btu lab\u0101kas. Sazi\u0146ai izmantot e-pastu: edgars et koronevskis.lv Darbojos da\u017e\u0101d\u0101s nozar\u0113s un par t\u0101m ar\u012b ir \u0161\u012bs virtu\u0101l\u0101s piez\u012bmes: internet komunik\u0101cija; sabiedrisk\u0101s attiec\u012bbas; cilv\u0113kresursu vad\u012bba; IT tehnolo\u0123ijas; ce\u013cojumi; l\u0113t\u0101s [&hellip;]<\/p>\n","protected":false},"author":2,"featured_media":0,"parent":0,"menu_order":2,"comment_status":"open","ping_status":"open","template":"","meta":{"footnotes":""},"_links":{"self":[{"href":"https:\/\/www.koronevskis.lv\/raksti\/wp-json\/wp\/v2\/pages\/2"}],"collection":[{"href":"https:\/\/www.koronevskis.lv\/raksti\/wp-json\/wp\/v2\/pages"}],"about":[{"href":"https:\/\/www.koronevskis.lv\/raksti\/wp-json\/wp\/v2\/types\/page"}],"author":[{"embeddable":true,"href":"https:\/\/www.koronevskis.lv\/raksti\/wp-json\/wp\/v2\/users\/2"}],"replies":[{"embeddable":true,"href":"https:\/\/www.koronevskis.lv\/raksti\/wp-json\/wp\/v2\/comments?post=2"}],"version-history":[{"count":12,"href":"https:\/\/www.koronevskis.lv\/raksti\/wp-json\/wp\/v2\/pages\/2\/revisions"}],"predecessor-version":[{"id":1325,"href":"https:\/\/www.koronevskis.lv\/raksti\/wp-json\/wp\/v2\/pages\/2\/revisions\/1325"}],"wp:attachment":[{"href":"https:\/\/www.koronevskis.lv\/raksti\/wp-json\/wp\/v2\/media?parent=2"}],"curies":[{"name":"wp","href":"https:\/\/api.w.org\/{rel}","templated":true}]}}